{"id":205,"date":"2025-01-17T09:45:21","date_gmt":"2025-01-17T09:45:21","guid":{"rendered":"https:\/\/imkerverein-moosburg.de\/wordpress\/?page_id=205"},"modified":"2026-04-11T20:47:29","modified_gmt":"2026-04-11T20:47:29","slug":"mitglied-werden","status":"publish","type":"page","link":"https:\/\/imkerverein-moosburg.de\/wordpress\/?page_id=205","title":{"rendered":"Mitglied werden"},"content":{"rendered":"\n<p>Hier kannst du deine Mitgliedschaft beantragen. Komm gerne bei einem unserer Termine vorbei, damit wir dich auch pers\u00f6nlich kennenlernen k\u00f6nnen.<\/p>\n\n\n\n<p>Als Mitglied hast du viele Vorteile:<\/p>\n\n\n\n<ul>\n<li>Versicherung Deiner Bienenv\u00f6lker<\/li>\n\n\n\n<li>Einfache, kosteng\u00fcnstige Bestellung Deiner Varroa-Mittel<\/li>\n\n\n\n<li>Austausch und Begleitung durch erfahrene Imker<\/li>\n\n\n\n<li>Gemeinschaft mit Gleichgesinnten<\/li>\n<\/ul>\n\n\n\n<p>Die j\u00e4hrlichen Mitgliedsbeitr\u00e4ge umfassen die Mitgliedschaft im Imkerverein Moosburg und Umgebung e. V. und im Landesverband Bay. Imker e. V. und sind wie folgt:<br>Mit Imkerglobalversicherung (voll_mitglied): 58,00 \u20ac + 26 Cent pro Volk<br>Ohne Imkerglobalversicherung (voll_mitglied_o_v): 46,00 \u20ac + 26 Cent pro Volk<br>unter 18 Jahren mit Imkerglobalversicherung: 25,00 \u20ac + 26 Cent pro Volk<br>unter 18 Jahren ohne Imkerglobalversicherung: 20,00 \u20ac<\/p>\n\n\n\n<div class=\"wp-block-file\"><object class=\"wp-block-file__embed\" data=\"https:\/\/imkerverein-moosburg.de\/wordpress\/wp-content\/uploads\/2025\/01\/beitritt_lvbi.pdf\" type=\"application\/pdf\" style=\"width:100%;height:600px\" aria-label=\"Einbettung von beitritt_lvbi.\"><\/object><a id=\"wp-block-file--media-a1810d3c-ff37-427d-883a-12c0934c8a05\" href=\"https:\/\/imkerverein-moosburg.de\/wordpress\/wp-content\/uploads\/2025\/01\/beitritt_lvbi.pdf\">beitritt_lvbi<\/a><a href=\"https:\/\/imkerverein-moosburg.de\/wordpress\/wp-content\/uploads\/2025\/01\/beitritt_lvbi.pdf\" class=\"wp-block-file__button wp-element-button\" download aria-describedby=\"wp-block-file--media-a1810d3c-ff37-427d-883a-12c0934c8a05\">Herunterladen<\/a><\/div>\n","protected":false},"excerpt":{"rendered":"<p>Hier kannst du deine Mitgliedschaft beantragen. Komm gerne bei einem unserer Termine vorbei, damit wir dich auch pers\u00f6nlich kennenlernen k\u00f6nnen. Als Mitglied hast du viele Vorteile: Die j\u00e4hrlichen Mitgliedsbeitr\u00e4ge umfassen die Mitgliedschaft im Imkerverein Moosburg und Umgebung e. V. und im Landesverband Bay. Imker e. V. und sind wie folgt:Mit [&hellip;]<\/p>\n","protected":false},"author":1,"featured_media":0,"parent":0,"menu_order":0,"comment_status":"closed","ping_status":"closed","template":"","meta":[],"_links":{"self":[{"href":"https:\/\/imkerverein-moosburg.de\/wordpress\/index.php?rest_route=\/wp\/v2\/pages\/205"}],"collection":[{"href":"https:\/\/imkerverein-moosburg.de\/wordpress\/index.php?rest_route=\/wp\/v2\/pages"}],"about":[{"href":"https:\/\/imkerverein-moosburg.de\/wordpress\/index.php?rest_route=\/wp\/v2\/types\/page"}],"author":[{"embeddable":true,"href":"https:\/\/imkerverein-moosburg.de\/wordpress\/index.php?rest_route=\/wp\/v2\/users\/1"}],"replies":[{"embeddable":true,"href":"https:\/\/imkerverein-moosburg.de\/wordpress\/index.php?rest_route=%2Fwp%2Fv2%2Fcomments&post=205"}],"version-history":[{"count":6,"href":"https:\/\/imkerverein-moosburg.de\/wordpress\/index.php?rest_route=\/wp\/v2\/pages\/205\/revisions"}],"predecessor-version":[{"id":313,"href":"https:\/\/imkerverein-moosburg.de\/wordpress\/index.php?rest_route=\/wp\/v2\/pages\/205\/revisions\/313"}],"wp:attachment":[{"href":"https:\/\/imkerverein-moosburg.de\/wordpress\/index.php?rest_route=%2Fwp%2Fv2%2Fmedia&parent=205"}],"curies":[{"name":"wp","href":"https:\/\/api.w.org\/{rel}","templated":true}]}}